{"id":3485,"date":"2024-12-21T09:39:46","date_gmt":"2024-12-21T08:39:46","guid":{"rendered":"https:\/\/strippoker.app\/blog\/?page_id=3485"},"modified":"2025-01-17T15:22:51","modified_gmt":"2025-01-17T14:22:51","slug":"los-mejores-juegos-en-linea","status":"publish","type":"page","link":"https:\/\/strippoker.app\/blog\/es\/los-mejores-juegos-en-linea\/","title":{"rendered":"Los mejores juegos en l\u00ednea"},"content":{"rendered":"\n<h2 class=\"wp-block-heading\">Mejores juegos para todos<\/h2>\n\n\n\n<h4 class=\"wp-block-heading\"><strong>1. Among Us<\/strong><\/h4>\n\n\n\n<figure class=\"wp-block-image size-large is-resized\"><img decoding=\"async\" src=\"https:\/\/cdn.mobygames.com\/screenshots\/12400953-among-us-android-start-of-the-skeld-map.jpg\" alt=\"\" style=\"aspect-ratio:16\/9;object-fit:contain;width:420px\"\/><\/figure>\n\n\n\n<ul class=\"wp-block-list\">\n<li><strong>Tipo de juego:<\/strong> Social \/ Multijugador<\/li>\n\n\n\n<li><strong>Descripci\u00f3n:<\/strong> Un juego de trabajo en equipo y deducci\u00f3n donde los jugadores completan tareas en una nave espacial mientras intentan identificar al \u00abimpostor\u00bb que sabotea la misi\u00f3n.<\/li>\n\n\n\n<li><strong>Sitio web:<\/strong> <a href=\"https:\/\/amongus-online.net\/\">https:\/\/amongus-online.net\/<\/a><\/li>\n<\/ul>\n\n\n\n<h4 class=\"wp-block-heading\"><strong>2. Genshin Impact<\/strong><\/h4>\n\n\n\n<figure class=\"wp-block-image size-large is-resized\"><img decoding=\"async\" src=\"https:\/\/cdn.mobygames.com\/screenshots\/18701574-genshin-impact-windows-fruit-flowers-herbs-and-suchlike-are-scat.jpg\" alt=\"\" style=\"aspect-ratio:16\/9;object-fit:contain;width:420px\"\/><\/figure>\n\n\n\n<ul class=\"wp-block-list\">\n<li><strong>Tipo de juego:<\/strong> RPG \/ Acci\u00f3n<\/li>\n\n\n\n<li><strong>Descripci\u00f3n:<\/strong> Un juego de mundo abierto inspirado en anime, lleno de paisajes hermosos, combates din\u00e1micos y una historia envolvente. Jugable en modo individual o multijugador.<\/li>\n\n\n\n<li><strong>Sitio web:<\/strong> <a href=\"https:\/\/genshin.hoyoverse.com\/\">https:\/\/genshin.hoyoverse.com\/<\/a><\/li>\n<\/ul>\n\n\n\n<h4 class=\"wp-block-heading\"><strong>3. Minecraft Classic<\/strong><\/h4>\n\n\n\n<figure class=\"wp-block-image size-large is-resized\"><img decoding=\"async\" src=\"https:\/\/cdn.mobygames.com\/screenshots\/16724781-minecraft-classic-browser-my-glass-dam-protects-the-valley.png\" alt=\"\" style=\"aspect-ratio:16\/9;object-fit:contain;width:420px\"\/><\/figure>\n\n\n\n<ul class=\"wp-block-list\">\n<li><strong>Tipo de juego:<\/strong> Sandbox \/ Creativo<\/li>\n\n\n\n<li><strong>Descripci\u00f3n:<\/strong> Una versi\u00f3n gratuita del ic\u00f3nico Minecraft, que permite a los jugadores construir y explorar un mundo basado en bloques. Perfecto para los amantes de la creatividad.<\/li>\n\n\n\n<li><strong>Sitio web:<\/strong> <a href=\"http:\/\/minecraft.net\/classic\/\">http:\/\/minecraft.net\/classic\/<\/a><\/li>\n<\/ul>\n\n\n\n<h4 class=\"wp-block-heading\"><strong>4. Slither.io<\/strong><\/h4>\n\n\n\n<figure class=\"wp-block-image size-large is-resized\"><img decoding=\"async\" src=\"https:\/\/cdn.mobygames.com\/screenshots\/15975599-slitherio-android-these-snakes-are-bigger.png\" alt=\"\" style=\"aspect-ratio:16\/9;object-fit:contain;width:420px\"\/><\/figure>\n\n\n\n<ul class=\"wp-block-list\">\n<li><strong>Tipo de juego:<\/strong> Arcade \/ Multijugador<\/li>\n\n\n\n<li><strong>Descripci\u00f3n:<\/strong> Un juego simple donde controlas una serpiente, tratando de comer orbes y evitar colisiones con otros jugadores. Atractivo y f\u00e1cil de dominar.<\/li>\n\n\n\n<li><strong>Sitio web:<\/strong> <a href=\"http:\/\/slither.io\/\">http:\/\/slither.io\/<\/a><\/li>\n<\/ul>\n\n\n\n<h4 class=\"wp-block-heading\"><strong>5. Krunker.io<\/strong><\/h4>\n\n\n\n<figure class=\"wp-block-image size-large is-resized\"><img decoding=\"async\" src=\"https:\/\/cdn.mobygames.com\/covers\/17394900-krunker-windows-front-cover.jpg\" alt=\"\" style=\"aspect-ratio:16\/9;object-fit:contain;width:420px\"\/><\/figure>\n\n\n\n<ul class=\"wp-block-list\">\n<li><strong>Tipo de juego:<\/strong> FPS Shooter \/ Multijugador<\/li>\n\n\n\n<li><strong>Descripci\u00f3n:<\/strong> Un FPS r\u00e1pido basado en navegador donde los jugadores compiten contra otros a nivel mundial. Simple, din\u00e1mico y no requiere instalaci\u00f3n.<\/li>\n\n\n\n<li><strong>Sitio web:<\/strong> <a href=\"https:\/\/krunker.io\/\">https:\/\/krunker.io\/<\/a><\/li>\n<\/ul>\n\n\n\n<h4 class=\"wp-block-heading\"><strong>6. Stardew Valley Online<\/strong><\/h4>\n\n\n\n<figure class=\"wp-block-image size-large is-resized\"><img decoding=\"async\" src=\"https:\/\/cdn.mobygames.com\/screenshots\/18280450-stardew-valley-windows-the-start-of-a-farm.jpg\" alt=\"\" style=\"aspect-ratio:16\/9;object-fit:contain;width:420px\"\/><\/figure>\n\n\n\n<ul class=\"wp-block-list\">\n<li><strong>Tipo de juego:<\/strong> Simulaci\u00f3n \/ RPG<\/li>\n\n\n\n<li><strong>Descripci\u00f3n:<\/strong> Un juego relajante sobre la gesti\u00f3n de una granja y la construcci\u00f3n de relaciones en un peque\u00f1o pueblo. El modo multijugador te permite desarrollar tu granja con amigos.<\/li>\n\n\n\n<li><strong>Sitio web:<\/strong> <a href=\"http:\/\/stardewvalley.net\/\">http:\/\/stardewvalley.net\/<\/a><\/li>\n<\/ul>\n\n\n\n<h4 class=\"wp-block-heading\"><strong>7. Wordle<\/strong><\/h4>\n\n\n\n<figure class=\"wp-block-image size-large is-resized\"><img decoding=\"async\" src=\"https:\/\/cdn.mobygames.com\/covers\/10424934-wordle-browser-front-cover.png\" alt=\"\" style=\"aspect-ratio:16\/9;object-fit:contain;width:420px\"\/><\/figure>\n\n\n\n<ul class=\"wp-block-list\">\n<li><strong>Tipo de juego:<\/strong> Juego de palabras \/ Rompecabezas<\/li>\n\n\n\n<li><strong>Descripci\u00f3n:<\/strong> Un juego diario donde los jugadores intentan adivinar una palabra de cinco letras en seis intentos. Perfecto para los entusiastas de los idiomas.<\/li>\n\n\n\n<li><strong>Sitio web:<\/strong> <a href=\"https:\/\/www.nytimes.com\/games\/wordle\/index.html\">https:\/\/www.nytimes.com\/games\/wordle\/index.html<\/a><\/li>\n<\/ul>\n\n\n\n<h4 class=\"wp-block-heading\"><strong>8. Forge of Empires<\/strong><\/h4>\n\n\n\n<figure class=\"wp-block-image size-large is-resized\"><img decoding=\"async\" src=\"https:\/\/cdn.mobygames.com\/screenshots\/12616079-forge-of-empires-browser-german-browser-screenshot-during-early-.jpg\" alt=\"\" style=\"aspect-ratio:16\/9;object-fit:contain;width:420px\"\/><\/figure>\n\n\n\n<ul class=\"wp-block-list\">\n<li><strong>Tipo de juego:<\/strong> Estrategia \/ Construcci\u00f3n de ciudades<\/li>\n\n\n\n<li><strong>Descripci\u00f3n:<\/strong> Desarrolla tu imperio desde la Edad de Piedra y avanza a trav\u00e9s de diferentes eras mientras participas en batallas y gestionas recursos.<\/li>\n\n\n\n<li><strong>Sitio web:<\/strong> <a href=\"https:\/\/forgeofempires.com\">https:\/\/forgeofempires.com<\/a><\/li>\n<\/ul>\n\n\n\n<h4 class=\"wp-block-heading\"><strong>9. Agar.io<\/strong><\/h4>\n\n\n\n<figure class=\"wp-block-image size-large is-resized\"><img decoding=\"async\" src=\"https:\/\/cdn.mobygames.com\/screenshots\/15796526-agario-android-starting-out-as-a-very-small-cell.png\" alt=\"\" style=\"aspect-ratio:16\/9;object-fit:contain;width:420px\"\/><\/figure>\n\n\n\n<ul class=\"wp-block-list\">\n<li><strong>Tipo de juego:<\/strong> Arcade \/ Multijugador<\/li>\n\n\n\n<li><strong>Descripci\u00f3n:<\/strong> Un juego donde controlas una c\u00e9lula en crecimiento al comer c\u00e9lulas m\u00e1s peque\u00f1as y evitando las m\u00e1s grandes. Mantente vivo y domina la tabla de clasificaci\u00f3n.<\/li>\n\n\n\n<li><strong>Sitio web:<\/strong> <a href=\"http:\/\/www.agar.io\/\">http:\/\/www.agar.io\/<\/a><\/li>\n<\/ul>\n\n\n\n<h4 class=\"wp-block-heading\"><strong>10. Bloons Tower Defense 6<\/strong><\/h4>\n\n\n\n<figure class=\"wp-block-image size-large is-resized\"><img decoding=\"async\" src=\"https:\/\/shared.fastly.steamstatic.com\/store_item_assets\/steam\/apps\/960090\/header.jpg?t=1723603688\" alt=\"\" style=\"aspect-ratio:16\/9;object-fit:contain;width:420px\"\/><\/figure>\n\n\n\n<ul class=\"wp-block-list\">\n<li><strong>Tipo de juego:<\/strong> Estrategia \/ Defensa de torres<\/li>\n\n\n\n<li><strong>Descripci\u00f3n:<\/strong> Construye torres, mej\u00f3ralas y defi\u00e9ndete contra oleadas de globos. La planificaci\u00f3n estrat\u00e9gica y una colocaci\u00f3n inteligente de las defensas son clave para el \u00e9xito.<\/li>\n\n\n\n<li><strong>Sitio web:<\/strong> <a href=\"https:\/\/store.steampowered.com\/app\/960090\/Bloons_TD_6\/\">https:\/\/store.steampowered.com\/app\/960090\/Bloons_TD_6\/<\/a><\/li>\n<\/ul>\n\n","protected":false},"excerpt":{"rendered":"<p>Mejores juegos para todos 1. Among Us 2. Genshin Impact 3. Minecraft Classic 4. Slither.io 5. Krunker.io 6. Stardew Valley [&hellip;]<\/p>\n","protected":false},"author":1,"featured_media":0,"parent":0,"menu_order":0,"comment_status":"closed","ping_status":"closed","template":"","meta":{"site-sidebar-layout":"default","site-content-layout":"","ast-site-content-layout":"default","site-content-style":"default","site-sidebar-style":"default","ast-global-header-display":"","ast-banner-title-visibility":"","ast-main-header-display":"","ast-hfb-above-header-display":"","ast-hfb-below-header-display":"","ast-hfb-mobile-header-display":"","site-post-title":"","ast-breadcrumbs-content":"","ast-featured-img":"","footer-sml-layout":"","theme-transparent-header-meta":"","adv-header-id-meta":"","stick-header-meta":"","header-above-stick-meta":"","header-main-stick-meta":"","header-below-stick-meta":"","astra-migrate-meta-layouts":"set","ast-page-background-enabled":"default","ast-page-background-meta":{"desktop":{"background-color":"var(--ast-global-color-4)","background-image":"","background-repeat":"repeat","background-position":"center center","background-size":"auto","background-attachment":"scroll","background-type":"","background-media":"","overlay-type":"","overlay-color":"","overlay-opacity":"","overlay-gradient":""},"tablet":{"background-color":"","background-image":"","background-repeat":"repeat","background-position":"center center","background-size":"auto","background-attachment":"scroll","background-type":"","background-media":"","overlay-type":"","overlay-color":"","overlay-opacity":"","overlay-gradient":""},"mobile":{"background-color":"","background-image":"","background-repeat":"repeat","background-position":"center center","background-size":"auto","background-attachment":"scroll","background-type":"","background-media":"","overlay-type":"","overlay-color":"","overlay-opacity":"","overlay-gradient":""}},"ast-content-background-meta":{"desktop":{"background-color":"var(--ast-global-color-5)","background-image":"","background-repeat":"repeat","background-position":"center center","background-size":"auto","background-attachment":"scroll","background-type":"","background-media":"","overlay-type":"","overlay-color":"","overlay-opacity":"","overlay-gradient":""},"tablet":{"background-color":"var(--ast-global-color-5)","background-image":"","background-repeat":"repeat","background-position":"center center","background-size":"auto","background-attachment":"scroll","background-type":"","background-media":"","overlay-type":"","overlay-color":"","overlay-opacity":"","overlay-gradient":""},"mobile":{"background-color":"var(--ast-global-color-5)","background-image":"","background-repeat":"repeat","background-position":"center center","background-size":"auto","background-attachment":"scroll","background-type":"","background-media":"","overlay-type":"","overlay-color":"","overlay-opacity":"","overlay-gradient":""}},"footnotes":""},"class_list":["post-3485","page","type-page","status-publish","hentry"],"yoast_head":"<!-- This site is optimized with the Yoast SEO plugin v24.2 - https:\/\/yoast.com\/wordpress\/plugins\/seo\/ -->\n<title>Los mejores juegos en l\u00ednea - Online Games Blog<\/title>\n<meta name=\"robots\" content=\"index, follow, max-snippet:-1, max-image-preview:large, max-video-preview:-1\" \/>\n<link rel=\"canonical\" href=\"https:\/\/strippoker.app\/blog\/es\/los-mejores-juegos-en-linea\/\" \/>\n<meta property=\"og:locale\" content=\"es_ES\" \/>\n<meta property=\"og:type\" content=\"article\" \/>\n<meta property=\"og:title\" content=\"Los mejores juegos en l\u00ednea - Online Games Blog\" \/>\n<meta property=\"og:description\" content=\"Mejores juegos para todos 1. Among Us 2. Genshin Impact 3. Minecraft Classic 4. Slither.io 5. Krunker.io 6. Stardew Valley [&hellip;]\" \/>\n<meta property=\"og:url\" content=\"https:\/\/strippoker.app\/blog\/es\/los-mejores-juegos-en-linea\/\" \/>\n<meta property=\"og:site_name\" content=\"Online Games Blog\" \/>\n<meta property=\"article:modified_time\" content=\"2025-01-17T14:22:51+00:00\" \/>\n<meta property=\"og:image\" content=\"https:\/\/cdn.mobygames.com\/screenshots\/12400953-among-us-android-start-of-the-skeld-map.jpg\" \/>\n<meta name=\"twitter:card\" content=\"summary_large_image\" \/>\n<meta name=\"twitter:label1\" content=\"Tiempo de lectura\" \/>\n\t<meta name=\"twitter:data1\" content=\"4 minutos\" \/>\n<script type=\"application\/ld+json\" class=\"yoast-schema-graph\">{\"@context\":\"https:\/\/schema.org\",\"@graph\":[{\"@type\":\"WebPage\",\"@id\":\"https:\/\/strippoker.app\/blog\/es\/los-mejores-juegos-en-linea\/\",\"url\":\"https:\/\/strippoker.app\/blog\/es\/los-mejores-juegos-en-linea\/\",\"name\":\"Los mejores juegos en l\u00ednea - Online Games Blog\",\"isPartOf\":{\"@id\":\"https:\/\/strippoker.app\/blog\/es\/#website\"},\"primaryImageOfPage\":{\"@id\":\"https:\/\/strippoker.app\/blog\/es\/los-mejores-juegos-en-linea\/#primaryimage\"},\"image\":{\"@id\":\"https:\/\/strippoker.app\/blog\/es\/los-mejores-juegos-en-linea\/#primaryimage\"},\"thumbnailUrl\":\"https:\/\/cdn.mobygames.com\/screenshots\/12400953-among-us-android-start-of-the-skeld-map.jpg\",\"datePublished\":\"2024-12-21T08:39:46+00:00\",\"dateModified\":\"2025-01-17T14:22:51+00:00\",\"breadcrumb\":{\"@id\":\"https:\/\/strippoker.app\/blog\/es\/los-mejores-juegos-en-linea\/#breadcrumb\"},\"inLanguage\":\"es\",\"potentialAction\":[{\"@type\":\"ReadAction\",\"target\":[\"https:\/\/strippoker.app\/blog\/es\/los-mejores-juegos-en-linea\/\"]}]},{\"@type\":\"ImageObject\",\"inLanguage\":\"es\",\"@id\":\"https:\/\/strippoker.app\/blog\/es\/los-mejores-juegos-en-linea\/#primaryimage\",\"url\":\"https:\/\/cdn.mobygames.com\/screenshots\/12400953-among-us-android-start-of-the-skeld-map.jpg\",\"contentUrl\":\"https:\/\/cdn.mobygames.com\/screenshots\/12400953-among-us-android-start-of-the-skeld-map.jpg\"},{\"@type\":\"BreadcrumbList\",\"@id\":\"https:\/\/strippoker.app\/blog\/es\/los-mejores-juegos-en-linea\/#breadcrumb\",\"itemListElement\":[{\"@type\":\"ListItem\",\"position\":1,\"name\":\"Home\",\"item\":\"https:\/\/strippoker.app\/blog\/es\/\"},{\"@type\":\"ListItem\",\"position\":2,\"name\":\"Los mejores juegos en l\u00ednea\"}]},{\"@type\":\"WebSite\",\"@id\":\"https:\/\/strippoker.app\/blog\/es\/#website\",\"url\":\"https:\/\/strippoker.app\/blog\/es\/\",\"name\":\"Online Games Blog\",\"description\":\"\",\"publisher\":{\"@id\":\"https:\/\/strippoker.app\/blog\/es\/#organization\"},\"potentialAction\":[{\"@type\":\"SearchAction\",\"target\":{\"@type\":\"EntryPoint\",\"urlTemplate\":\"https:\/\/strippoker.app\/blog\/es\/?s={search_term_string}\"},\"query-input\":{\"@type\":\"PropertyValueSpecification\",\"valueRequired\":true,\"valueName\":\"search_term_string\"}}],\"inLanguage\":\"es\"},{\"@type\":\"Organization\",\"@id\":\"https:\/\/strippoker.app\/blog\/es\/#organization\",\"name\":\"Online Games Blog\",\"url\":\"https:\/\/strippoker.app\/blog\/es\/\",\"logo\":{\"@type\":\"ImageObject\",\"inLanguage\":\"es\",\"@id\":\"https:\/\/strippoker.app\/blog\/es\/#\/schema\/logo\/image\/\",\"url\":\"https:\/\/strippoker.app\/blog\/wp-content\/uploads\/2024\/12\/joylogo.png\",\"contentUrl\":\"https:\/\/strippoker.app\/blog\/wp-content\/uploads\/2024\/12\/joylogo.png\",\"width\":100,\"height\":70,\"caption\":\"Online Games Blog\"},\"image\":{\"@id\":\"https:\/\/strippoker.app\/blog\/es\/#\/schema\/logo\/image\/\"}}]}<\/script>\n<!-- \/ Yoast SEO plugin. -->","yoast_head_json":{"title":"Los mejores juegos en l\u00ednea - Online Games Blog","robots":{"index":"index","follow":"follow","max-snippet":"max-snippet:-1","max-image-preview":"max-image-preview:large","max-video-preview":"max-video-preview:-1"},"canonical":"https:\/\/strippoker.app\/blog\/es\/los-mejores-juegos-en-linea\/","og_locale":"es_ES","og_type":"article","og_title":"Los mejores juegos en l\u00ednea - Online Games Blog","og_description":"Mejores juegos para todos 1. Among Us 2. Genshin Impact 3. Minecraft Classic 4. Slither.io 5. Krunker.io 6. Stardew Valley [&hellip;]","og_url":"https:\/\/strippoker.app\/blog\/es\/los-mejores-juegos-en-linea\/","og_site_name":"Online Games Blog","article_modified_time":"2025-01-17T14:22:51+00:00","og_image":[{"url":"https:\/\/cdn.mobygames.com\/screenshots\/12400953-among-us-android-start-of-the-skeld-map.jpg","type":"","width":"","height":""}],"twitter_card":"summary_large_image","twitter_misc":{"Tiempo de lectura":"4 minutos"},"schema":{"@context":"https:\/\/schema.org","@graph":[{"@type":"WebPage","@id":"https:\/\/strippoker.app\/blog\/es\/los-mejores-juegos-en-linea\/","url":"https:\/\/strippoker.app\/blog\/es\/los-mejores-juegos-en-linea\/","name":"Los mejores juegos en l\u00ednea - Online Games Blog","isPartOf":{"@id":"https:\/\/strippoker.app\/blog\/es\/#website"},"primaryImageOfPage":{"@id":"https:\/\/strippoker.app\/blog\/es\/los-mejores-juegos-en-linea\/#primaryimage"},"image":{"@id":"https:\/\/strippoker.app\/blog\/es\/los-mejores-juegos-en-linea\/#primaryimage"},"thumbnailUrl":"https:\/\/cdn.mobygames.com\/screenshots\/12400953-among-us-android-start-of-the-skeld-map.jpg","datePublished":"2024-12-21T08:39:46+00:00","dateModified":"2025-01-17T14:22:51+00:00","breadcrumb":{"@id":"https:\/\/strippoker.app\/blog\/es\/los-mejores-juegos-en-linea\/#breadcrumb"},"inLanguage":"es","potentialAction":[{"@type":"ReadAction","target":["https:\/\/strippoker.app\/blog\/es\/los-mejores-juegos-en-linea\/"]}]},{"@type":"ImageObject","inLanguage":"es","@id":"https:\/\/strippoker.app\/blog\/es\/los-mejores-juegos-en-linea\/#primaryimage","url":"https:\/\/cdn.mobygames.com\/screenshots\/12400953-among-us-android-start-of-the-skeld-map.jpg","contentUrl":"https:\/\/cdn.mobygames.com\/screenshots\/12400953-among-us-android-start-of-the-skeld-map.jpg"},{"@type":"BreadcrumbList","@id":"https:\/\/strippoker.app\/blog\/es\/los-mejores-juegos-en-linea\/#breadcrumb","itemListElement":[{"@type":"ListItem","position":1,"name":"Home","item":"https:\/\/strippoker.app\/blog\/es\/"},{"@type":"ListItem","position":2,"name":"Los mejores juegos en l\u00ednea"}]},{"@type":"WebSite","@id":"https:\/\/strippoker.app\/blog\/es\/#website","url":"https:\/\/strippoker.app\/blog\/es\/","name":"Online Games Blog","description":"","publisher":{"@id":"https:\/\/strippoker.app\/blog\/es\/#organization"},"potentialAction":[{"@type":"SearchAction","target":{"@type":"EntryPoint","urlTemplate":"https:\/\/strippoker.app\/blog\/es\/?s={search_term_string}"},"query-input":{"@type":"PropertyValueSpecification","valueRequired":true,"valueName":"search_term_string"}}],"inLanguage":"es"},{"@type":"Organization","@id":"https:\/\/strippoker.app\/blog\/es\/#organization","name":"Online Games Blog","url":"https:\/\/strippoker.app\/blog\/es\/","logo":{"@type":"ImageObject","inLanguage":"es","@id":"https:\/\/strippoker.app\/blog\/es\/#\/schema\/logo\/image\/","url":"https:\/\/strippoker.app\/blog\/wp-content\/uploads\/2024\/12\/joylogo.png","contentUrl":"https:\/\/strippoker.app\/blog\/wp-content\/uploads\/2024\/12\/joylogo.png","width":100,"height":70,"caption":"Online Games Blog"},"image":{"@id":"https:\/\/strippoker.app\/blog\/es\/#\/schema\/logo\/image\/"}}]}},"_links":{"self":[{"href":"https:\/\/strippoker.app\/blog\/es\/wp-json\/wp\/v2\/pages\/3485","targetHints":{"allow":["GET"]}}],"collection":[{"href":"https:\/\/strippoker.app\/blog\/es\/wp-json\/wp\/v2\/pages"}],"about":[{"href":"https:\/\/strippoker.app\/blog\/es\/wp-json\/wp\/v2\/types\/page"}],"author":[{"embeddable":true,"href":"https:\/\/strippoker.app\/blog\/es\/wp-json\/wp\/v2\/users\/1"}],"replies":[{"embeddable":true,"href":"https:\/\/strippoker.app\/blog\/es\/wp-json\/wp\/v2\/comments?post=3485"}],"version-history":[{"count":1,"href":"https:\/\/strippoker.app\/blog\/es\/wp-json\/wp\/v2\/pages\/3485\/revisions"}],"predecessor-version":[{"id":3487,"href":"https:\/\/strippoker.app\/blog\/es\/wp-json\/wp\/v2\/pages\/3485\/revisions\/3487"}],"wp:attachment":[{"href":"https:\/\/strippoker.app\/blog\/es\/wp-json\/wp\/v2\/media?parent=3485"}],"curies":[{"name":"wp","href":"https:\/\/api.w.org\/{rel}","templated":true}]}}