{"id":2883,"date":"2024-12-21T09:39:46","date_gmt":"2024-12-21T08:39:46","guid":{"rendered":"https:\/\/strippoker.app\/blog\/?page_id=2883"},"modified":"2025-01-18T12:55:47","modified_gmt":"2025-01-18T11:55:47","slug":"ranking","status":"publish","type":"page","link":"https:\/\/strippoker.app\/blog\/fr\/ranking\/","title":{"rendered":"Les meilleurs jeux en ligne"},"content":{"rendered":"\n<h2 class=\"wp-block-heading\">Meilleurs jeux pour tout le monde<\/h2>\n\n\n\n<h4 class=\"wp-block-heading\"><strong>1. Among Us<\/strong><\/h4>\n\n\n\n<figure class=\"wp-block-image size-large is-resized\"><img decoding=\"async\" src=\"https:\/\/cdn.mobygames.com\/screenshots\/12400953-among-us-android-start-of-the-skeld-map.jpg\" alt=\"\" style=\"aspect-ratio:16\/9;object-fit:contain;width:420px\"\/><\/figure>\n\n\n\n<ul class=\"wp-block-list\">\n<li><strong>Type de jeu:<\/strong> Social \/ Multijoueur<\/li>\n\n\n\n<li><strong>Description:<\/strong> Un jeu de travail d&rsquo;\u00e9quipe et de d\u00e9duction o\u00f9 les joueurs accomplissent des t\u00e2ches dans un vaisseau spatial tout en essayant d&rsquo;identifier \u00ab\u00a0l&rsquo;imposteur\u00a0\u00bb saboteur de la mission.<\/li>\n\n\n\n<li><strong>Site Web:<\/strong> <a href=\"https:\/\/amongus-online.net\/\">https:\/\/amongus-online.net\/<\/a><\/li>\n<\/ul>\n\n\n\n<h4 class=\"wp-block-heading\"><strong>2. Genshin Impact<\/strong><\/h4>\n\n\n\n<figure class=\"wp-block-image size-large is-resized\"><img decoding=\"async\" src=\"https:\/\/cdn.mobygames.com\/screenshots\/18701574-genshin-impact-windows-fruit-flowers-herbs-and-suchlike-are-scat.jpg\" alt=\"\" style=\"aspect-ratio:16\/9;object-fit:contain;width:420px\"\/><\/figure>\n\n\n\n<ul class=\"wp-block-list\">\n<li><strong>Type de jeu:<\/strong> RPG \/ Action<\/li>\n\n\n\n<li><strong>Description:<\/strong> Un jeu en monde ouvert inspir\u00e9 de l&rsquo;anime, avec des paysages magnifiques, des combats dynamiques et une histoire captivante. Jouable en solo ou en mode multijoueur.<\/li>\n\n\n\n<li><strong>Site Web:<\/strong> <a href=\"https:\/\/genshin.hoyoverse.com\/\">https:\/\/genshin.hoyoverse.com\/<\/a><\/li>\n<\/ul>\n\n\n\n<h4 class=\"wp-block-heading\"><strong>3. Minecraft Classic<\/strong><\/h4>\n\n\n\n<figure class=\"wp-block-image size-large is-resized\"><img decoding=\"async\" src=\"https:\/\/cdn.mobygames.com\/screenshots\/16724781-minecraft-classic-browser-my-glass-dam-protects-the-valley.png\" alt=\"\" style=\"aspect-ratio:16\/9;object-fit:contain;width:420px\"\/><\/figure>\n\n\n\n<ul class=\"wp-block-list\">\n<li><strong>Type de jeu:<\/strong> Sandbox \/ Cr\u00e9atif<\/li>\n\n\n\n<li><strong>Description:<\/strong> Une version gratuite du l\u00e9gendaire Minecraft permettant aux joueurs de construire et d&rsquo;explorer un monde en blocs. Parfait pour les amoureux de la cr\u00e9ativit\u00e9.<\/li>\n\n\n\n<li><strong>Site Web:<\/strong> <a href=\"http:\/\/minecraft.net\/classic\/\">http:\/\/minecraft.net\/classic\/<\/a><\/li>\n<\/ul>\n\n\n\n<h4 class=\"wp-block-heading\"><strong>4. Slither.io<\/strong><\/h4>\n\n\n\n<figure class=\"wp-block-image size-large is-resized\"><img decoding=\"async\" src=\"https:\/\/cdn.mobygames.com\/screenshots\/15975599-slitherio-android-these-snakes-are-bigger.png\" alt=\"\" style=\"aspect-ratio:16\/9;object-fit:contain;width:420px\"\/><\/figure>\n\n\n\n<ul class=\"wp-block-list\">\n<li><strong>Type de jeu:<\/strong> Arcade \/ Multijoueur<\/li>\n\n\n\n<li><strong>Description:<\/strong> Un jeu simple o\u00f9 vous contr\u00f4lez un serpent, mangeant des orbes et \u00e9vitant les collisions avec les autres joueurs. Engag\u00e9 et facile \u00e0 ma\u00eetriser.<\/li>\n\n\n\n<li><strong>Site Web:<\/strong> <a href=\"http:\/\/slither.io\/\">http:\/\/slither.io\/<\/a><\/li>\n<\/ul>\n\n\n\n<h4 class=\"wp-block-heading\"><strong>5. Krunker.io<\/strong><\/h4>\n\n\n\n<figure class=\"wp-block-image size-large is-resized\"><img decoding=\"async\" src=\"https:\/\/cdn.mobygames.com\/covers\/17394900-krunker-windows-front-cover.jpg\" alt=\"\" style=\"aspect-ratio:16\/9;object-fit:contain;width:420px\"\/><\/figure>\n\n\n\n<ul class=\"wp-block-list\">\n<li><strong>Type de jeu:<\/strong> FPS Shooter \/ Multijoueur<\/li>\n\n\n\n<li><strong>Description:<\/strong> Un FPS rapide bas\u00e9 sur le navigateur o\u00f9 les joueurs s&rsquo;affrontent dans des matchs sur divers terrains. Simple, dynamique, et ne n\u00e9cessite aucune installation.<\/li>\n\n\n\n<li><strong>Site Web:<\/strong> <a href=\"https:\/\/krunker.io\/\">https:\/\/krunker.io\/<\/a><\/li>\n<\/ul>\n\n\n\n<h4 class=\"wp-block-heading\"><strong>6. Stardew Valley Online<\/strong><\/h4>\n\n\n\n<figure class=\"wp-block-image size-large is-resized\"><img decoding=\"async\" src=\"https:\/\/cdn.mobygames.com\/screenshots\/18280450-stardew-valley-windows-the-start-of-a-farm.jpg\" alt=\"\" style=\"aspect-ratio:16\/9;object-fit:contain;width:420px\"\/><\/figure>\n\n\n\n<ul class=\"wp-block-list\">\n<li><strong>Type de jeu:<\/strong> Simulation \/ RPG<\/li>\n\n\n\n<li><strong>Description:<\/strong> Un jeu relaxant sur la gestion d&rsquo;une ferme et la cr\u00e9ation de liens dans une petite ville. Le mode multijoueur vous permet de d\u00e9velopper votre ferme avec des amis.<\/li>\n\n\n\n<li><strong>Site Web:<\/strong> <a href=\"http:\/\/stardewvalley.net\/\">http:\/\/stardewvalley.net\/<\/a><\/li>\n<\/ul>\n\n\n\n<h4 class=\"wp-block-heading\"><strong>7. Wordle<\/strong><\/h4>\n\n\n\n<figure class=\"wp-block-image size-large is-resized\"><img decoding=\"async\" src=\"https:\/\/cdn.mobygames.com\/covers\/10424934-wordle-browser-front-cover.png\" alt=\"\" style=\"aspect-ratio:16\/9;object-fit:contain;width:420px\"\/><\/figure>\n\n\n\n<ul class=\"wp-block-list\">\n<li><strong>Type de jeu:<\/strong> Jeu de mots \/ Puzzle<\/li>\n\n\n\n<li><strong>Description:<\/strong> Un jeu quotidien o\u00f9 les joueurs tentent de deviner un mot de cinq lettres en six essais. Parfait pour les passionn\u00e9s de langues.<\/li>\n\n\n\n<li><strong>Site Web:<\/strong> <a href=\"https:\/\/www.nytimes.com\/games\/wordle\/index.html\">https:\/\/www.nytimes.com\/games\/wordle\/index.html<\/a><\/li>\n<\/ul>\n\n\n\n<h4 class=\"wp-block-heading\"><strong>8. Forge of Empires<\/strong><\/h4>\n\n\n\n<figure class=\"wp-block-image size-large is-resized\"><img decoding=\"async\" src=\"https:\/\/cdn.mobygames.com\/screenshots\/12616079-forge-of-empires-browser-german-browser-screenshot-during-early-.jpg\" alt=\"\" style=\"aspect-ratio:16\/9;object-fit:contain;width:420px\"\/><\/figure>\n\n\n\n<ul class=\"wp-block-list\">\n<li><strong>Type de jeu:<\/strong> Strat\u00e9gie \/ Construction de ville<\/li>\n\n\n\n<li><strong>Description:<\/strong> D\u00e9veloppez votre empire \u00e0 partir de l&rsquo;\u00c2ge de pierre et progressez \u00e0 travers diff\u00e9rentes \u00e9poques tout en vous engageant dans des batailles et en g\u00e9rant des ressources.<\/li>\n\n\n\n<li><strong>Site Web:<\/strong> <a href=\"https:\/\/forgeofempires.com\">https:\/\/forgeofempires.com<\/a><\/li>\n<\/ul>\n\n\n\n<h4 class=\"wp-block-heading\"><strong>9. Agar.io<\/strong><\/h4>\n\n\n\n<figure class=\"wp-block-image size-large is-resized\"><img decoding=\"async\" src=\"https:\/\/cdn.mobygames.com\/screenshots\/15796526-agario-android-starting-out-as-a-very-small-cell.png\" alt=\"\" style=\"aspect-ratio:16\/9;object-fit:contain;width:420px\"\/><\/figure>\n\n\n\n<ul class=\"wp-block-list\">\n<li><strong>Type de jeu:<\/strong> Arcade \/ Multijoueur<\/li>\n\n\n\n<li><strong>Description:<\/strong> Un jeu o\u00f9 vous contr\u00f4lez une cellule qui grandit en mangeant de plus petites cellules tout en \u00e9vitant les plus grandes. Restez en vie et dominez le classement.<\/li>\n\n\n\n<li><strong>Site Web:<\/strong> <a href=\"http:\/\/www.agar.io\/\">http:\/\/www.agar.io\/<\/a><\/li>\n<\/ul>\n\n\n\n<h4 class=\"wp-block-heading\"><strong>10. Bloons Tower Defense 6<\/strong><\/h4>\n\n\n\n<figure class=\"wp-block-image size-large is-resized\"><img decoding=\"async\" src=\"https:\/\/shared.fastly.steamstatic.com\/store_item_assets\/steam\/apps\/960090\/header.jpg?t=1723603688\" alt=\"\" style=\"aspect-ratio:16\/9;object-fit:contain;width:420px\"\/><\/figure>\n\n\n\n<ul class=\"wp-block-list\">\n<li><strong>Type de jeu:<\/strong> Strat\u00e9gie \/ D\u00e9fense de tour<\/li>\n\n\n\n<li><strong>Description:<\/strong> Construisez des tours, am\u00e9liorez-les et d\u00e9fendez-vous contre des vagues de ballons. La planification strat\u00e9gique et un placement judicieux des d\u00e9fenses sont essentiels pour r\u00e9ussir.<\/li>\n\n\n\n<li><strong>Site Web:<\/strong> <a href=\"https:\/\/store.steampowered.com\/app\/960090\/Bloons_TD_6\/\">https:\/\/store.steampowered.com\/app\/960090\/Bloons_TD_6\/<\/a><\/li>\n<\/ul>\n\n","protected":false},"excerpt":{"rendered":"<p>Meilleurs jeux pour tout le monde 1. Among Us 2. Genshin Impact 3. Minecraft Classic 4. Slither.io 5. Krunker.io 6. [&hellip;]<\/p>\n","protected":false},"author":1,"featured_media":0,"parent":0,"menu_order":0,"comment_status":"closed","ping_status":"closed","template":"","meta":{"site-sidebar-layout":"default","site-content-layout":"","ast-site-content-layout":"default","site-content-style":"default","site-sidebar-style":"default","ast-global-header-display":"","ast-banner-title-visibility":"","ast-main-header-display":"","ast-hfb-above-header-display":"","ast-hfb-below-header-display":"","ast-hfb-mobile-header-display":"","site-post-title":"","ast-breadcrumbs-content":"","ast-featured-img":"","footer-sml-layout":"","theme-transparent-header-meta":"","adv-header-id-meta":"","stick-header-meta":"","header-above-stick-meta":"","header-main-stick-meta":"","header-below-stick-meta":"","astra-migrate-meta-layouts":"set","ast-page-background-enabled":"default","ast-page-background-meta":{"desktop":{"background-color":"var(--ast-global-color-4)","background-image":"","background-repeat":"repeat","background-position":"center center","background-size":"auto","background-attachment":"scroll","background-type":"","background-media":"","overlay-type":"","overlay-color":"","overlay-opacity":"","overlay-gradient":""},"tablet":{"background-color":"","background-image":"","background-repeat":"repeat","background-position":"center center","background-size":"auto","background-attachment":"scroll","background-type":"","background-media":"","overlay-type":"","overlay-color":"","overlay-opacity":"","overlay-gradient":""},"mobile":{"background-color":"","background-image":"","background-repeat":"repeat","background-position":"center center","background-size":"auto","background-attachment":"scroll","background-type":"","background-media":"","overlay-type":"","overlay-color":"","overlay-opacity":"","overlay-gradient":""}},"ast-content-background-meta":{"desktop":{"background-color":"var(--ast-global-color-5)","background-image":"","background-repeat":"repeat","background-position":"center center","background-size":"auto","background-attachment":"scroll","background-type":"","background-media":"","overlay-type":"","overlay-color":"","overlay-opacity":"","overlay-gradient":""},"tablet":{"background-color":"var(--ast-global-color-5)","background-image":"","background-repeat":"repeat","background-position":"center center","background-size":"auto","background-attachment":"scroll","background-type":"","background-media":"","overlay-type":"","overlay-color":"","overlay-opacity":"","overlay-gradient":""},"mobile":{"background-color":"var(--ast-global-color-5)","background-image":"","background-repeat":"repeat","background-position":"center center","background-size":"auto","background-attachment":"scroll","background-type":"","background-media":"","overlay-type":"","overlay-color":"","overlay-opacity":"","overlay-gradient":""}},"footnotes":""},"class_list":["post-2883","page","type-page","status-publish","hentry"],"yoast_head":"<!-- This site is optimized with the Yoast SEO plugin v24.2 - https:\/\/yoast.com\/wordpress\/plugins\/seo\/ -->\n<title>Les meilleurs jeux en ligne - Online Games Blog<\/title>\n<meta name=\"robots\" content=\"index, follow, max-snippet:-1, max-image-preview:large, max-video-preview:-1\" \/>\n<link rel=\"canonical\" href=\"https:\/\/strippoker.app\/blog\/fr\/ranking\/\" \/>\n<meta property=\"og:locale\" content=\"fr_FR\" \/>\n<meta property=\"og:type\" content=\"article\" \/>\n<meta property=\"og:title\" content=\"Les meilleurs jeux en ligne - Online Games Blog\" \/>\n<meta property=\"og:description\" content=\"Meilleurs jeux pour tout le monde 1. Among Us 2. Genshin Impact 3. Minecraft Classic 4. Slither.io 5. Krunker.io 6. [&hellip;]\" \/>\n<meta property=\"og:url\" content=\"https:\/\/strippoker.app\/blog\/fr\/ranking\/\" \/>\n<meta property=\"og:site_name\" content=\"Online Games Blog\" \/>\n<meta property=\"article:modified_time\" content=\"2025-01-18T11:55:47+00:00\" \/>\n<meta property=\"og:image\" content=\"https:\/\/cdn.mobygames.com\/screenshots\/12400953-among-us-android-start-of-the-skeld-map.jpg\" \/>\n<meta name=\"twitter:card\" content=\"summary_large_image\" \/>\n<meta name=\"twitter:label1\" content=\"Dur\u00e9e de lecture estim\u00e9e\" \/>\n\t<meta name=\"twitter:data1\" content=\"4 minutes\" \/>\n<script type=\"application\/ld+json\" class=\"yoast-schema-graph\">{\"@context\":\"https:\/\/schema.org\",\"@graph\":[{\"@type\":\"WebPage\",\"@id\":\"https:\/\/strippoker.app\/blog\/fr\/ranking\/\",\"url\":\"https:\/\/strippoker.app\/blog\/fr\/ranking\/\",\"name\":\"Les meilleurs jeux en ligne - Online Games Blog\",\"isPartOf\":{\"@id\":\"https:\/\/strippoker.app\/blog\/fr\/#website\"},\"primaryImageOfPage\":{\"@id\":\"https:\/\/strippoker.app\/blog\/fr\/ranking\/#primaryimage\"},\"image\":{\"@id\":\"https:\/\/strippoker.app\/blog\/fr\/ranking\/#primaryimage\"},\"thumbnailUrl\":\"https:\/\/cdn.mobygames.com\/screenshots\/12400953-among-us-android-start-of-the-skeld-map.jpg\",\"datePublished\":\"2024-12-21T08:39:46+00:00\",\"dateModified\":\"2025-01-18T11:55:47+00:00\",\"breadcrumb\":{\"@id\":\"https:\/\/strippoker.app\/blog\/fr\/ranking\/#breadcrumb\"},\"inLanguage\":\"fr-FR\",\"potentialAction\":[{\"@type\":\"ReadAction\",\"target\":[\"https:\/\/strippoker.app\/blog\/fr\/ranking\/\"]}]},{\"@type\":\"ImageObject\",\"inLanguage\":\"fr-FR\",\"@id\":\"https:\/\/strippoker.app\/blog\/fr\/ranking\/#primaryimage\",\"url\":\"https:\/\/cdn.mobygames.com\/screenshots\/12400953-among-us-android-start-of-the-skeld-map.jpg\",\"contentUrl\":\"https:\/\/cdn.mobygames.com\/screenshots\/12400953-among-us-android-start-of-the-skeld-map.jpg\"},{\"@type\":\"BreadcrumbList\",\"@id\":\"https:\/\/strippoker.app\/blog\/fr\/ranking\/#breadcrumb\",\"itemListElement\":[{\"@type\":\"ListItem\",\"position\":1,\"name\":\"Home\",\"item\":\"https:\/\/strippoker.app\/blog\/fr\/\"},{\"@type\":\"ListItem\",\"position\":2,\"name\":\"Les meilleurs jeux en ligne\"}]},{\"@type\":\"WebSite\",\"@id\":\"https:\/\/strippoker.app\/blog\/fr\/#website\",\"url\":\"https:\/\/strippoker.app\/blog\/fr\/\",\"name\":\"Online Games Blog\",\"description\":\"\",\"publisher\":{\"@id\":\"https:\/\/strippoker.app\/blog\/fr\/#organization\"},\"potentialAction\":[{\"@type\":\"SearchAction\",\"target\":{\"@type\":\"EntryPoint\",\"urlTemplate\":\"https:\/\/strippoker.app\/blog\/fr\/?s={search_term_string}\"},\"query-input\":{\"@type\":\"PropertyValueSpecification\",\"valueRequired\":true,\"valueName\":\"search_term_string\"}}],\"inLanguage\":\"fr-FR\"},{\"@type\":\"Organization\",\"@id\":\"https:\/\/strippoker.app\/blog\/fr\/#organization\",\"name\":\"Online Games Blog\",\"url\":\"https:\/\/strippoker.app\/blog\/fr\/\",\"logo\":{\"@type\":\"ImageObject\",\"inLanguage\":\"fr-FR\",\"@id\":\"https:\/\/strippoker.app\/blog\/fr\/#\/schema\/logo\/image\/\",\"url\":\"https:\/\/strippoker.app\/blog\/wp-content\/uploads\/2024\/12\/joylogo.png\",\"contentUrl\":\"https:\/\/strippoker.app\/blog\/wp-content\/uploads\/2024\/12\/joylogo.png\",\"width\":100,\"height\":70,\"caption\":\"Online Games Blog\"},\"image\":{\"@id\":\"https:\/\/strippoker.app\/blog\/fr\/#\/schema\/logo\/image\/\"}}]}<\/script>\n<!-- \/ Yoast SEO plugin. -->","yoast_head_json":{"title":"Les meilleurs jeux en ligne - Online Games Blog","robots":{"index":"index","follow":"follow","max-snippet":"max-snippet:-1","max-image-preview":"max-image-preview:large","max-video-preview":"max-video-preview:-1"},"canonical":"https:\/\/strippoker.app\/blog\/fr\/ranking\/","og_locale":"fr_FR","og_type":"article","og_title":"Les meilleurs jeux en ligne - Online Games Blog","og_description":"Meilleurs jeux pour tout le monde 1. Among Us 2. Genshin Impact 3. Minecraft Classic 4. Slither.io 5. Krunker.io 6. [&hellip;]","og_url":"https:\/\/strippoker.app\/blog\/fr\/ranking\/","og_site_name":"Online Games Blog","article_modified_time":"2025-01-18T11:55:47+00:00","og_image":[{"url":"https:\/\/cdn.mobygames.com\/screenshots\/12400953-among-us-android-start-of-the-skeld-map.jpg","type":"","width":"","height":""}],"twitter_card":"summary_large_image","twitter_misc":{"Dur\u00e9e de lecture estim\u00e9e":"4 minutes"},"schema":{"@context":"https:\/\/schema.org","@graph":[{"@type":"WebPage","@id":"https:\/\/strippoker.app\/blog\/fr\/ranking\/","url":"https:\/\/strippoker.app\/blog\/fr\/ranking\/","name":"Les meilleurs jeux en ligne - Online Games Blog","isPartOf":{"@id":"https:\/\/strippoker.app\/blog\/fr\/#website"},"primaryImageOfPage":{"@id":"https:\/\/strippoker.app\/blog\/fr\/ranking\/#primaryimage"},"image":{"@id":"https:\/\/strippoker.app\/blog\/fr\/ranking\/#primaryimage"},"thumbnailUrl":"https:\/\/cdn.mobygames.com\/screenshots\/12400953-among-us-android-start-of-the-skeld-map.jpg","datePublished":"2024-12-21T08:39:46+00:00","dateModified":"2025-01-18T11:55:47+00:00","breadcrumb":{"@id":"https:\/\/strippoker.app\/blog\/fr\/ranking\/#breadcrumb"},"inLanguage":"fr-FR","potentialAction":[{"@type":"ReadAction","target":["https:\/\/strippoker.app\/blog\/fr\/ranking\/"]}]},{"@type":"ImageObject","inLanguage":"fr-FR","@id":"https:\/\/strippoker.app\/blog\/fr\/ranking\/#primaryimage","url":"https:\/\/cdn.mobygames.com\/screenshots\/12400953-among-us-android-start-of-the-skeld-map.jpg","contentUrl":"https:\/\/cdn.mobygames.com\/screenshots\/12400953-among-us-android-start-of-the-skeld-map.jpg"},{"@type":"BreadcrumbList","@id":"https:\/\/strippoker.app\/blog\/fr\/ranking\/#breadcrumb","itemListElement":[{"@type":"ListItem","position":1,"name":"Home","item":"https:\/\/strippoker.app\/blog\/fr\/"},{"@type":"ListItem","position":2,"name":"Les meilleurs jeux en ligne"}]},{"@type":"WebSite","@id":"https:\/\/strippoker.app\/blog\/fr\/#website","url":"https:\/\/strippoker.app\/blog\/fr\/","name":"Online Games Blog","description":"","publisher":{"@id":"https:\/\/strippoker.app\/blog\/fr\/#organization"},"potentialAction":[{"@type":"SearchAction","target":{"@type":"EntryPoint","urlTemplate":"https:\/\/strippoker.app\/blog\/fr\/?s={search_term_string}"},"query-input":{"@type":"PropertyValueSpecification","valueRequired":true,"valueName":"search_term_string"}}],"inLanguage":"fr-FR"},{"@type":"Organization","@id":"https:\/\/strippoker.app\/blog\/fr\/#organization","name":"Online Games Blog","url":"https:\/\/strippoker.app\/blog\/fr\/","logo":{"@type":"ImageObject","inLanguage":"fr-FR","@id":"https:\/\/strippoker.app\/blog\/fr\/#\/schema\/logo\/image\/","url":"https:\/\/strippoker.app\/blog\/wp-content\/uploads\/2024\/12\/joylogo.png","contentUrl":"https:\/\/strippoker.app\/blog\/wp-content\/uploads\/2024\/12\/joylogo.png","width":100,"height":70,"caption":"Online Games Blog"},"image":{"@id":"https:\/\/strippoker.app\/blog\/fr\/#\/schema\/logo\/image\/"}}]}},"_links":{"self":[{"href":"https:\/\/strippoker.app\/blog\/fr\/wp-json\/wp\/v2\/pages\/2883","targetHints":{"allow":["GET"]}}],"collection":[{"href":"https:\/\/strippoker.app\/blog\/fr\/wp-json\/wp\/v2\/pages"}],"about":[{"href":"https:\/\/strippoker.app\/blog\/fr\/wp-json\/wp\/v2\/types\/page"}],"author":[{"embeddable":true,"href":"https:\/\/strippoker.app\/blog\/fr\/wp-json\/wp\/v2\/users\/1"}],"replies":[{"embeddable":true,"href":"https:\/\/strippoker.app\/blog\/fr\/wp-json\/wp\/v2\/comments?post=2883"}],"version-history":[{"count":9,"href":"https:\/\/strippoker.app\/blog\/fr\/wp-json\/wp\/v2\/pages\/2883\/revisions"}],"predecessor-version":[{"id":3731,"href":"https:\/\/strippoker.app\/blog\/fr\/wp-json\/wp\/v2\/pages\/2883\/revisions\/3731"}],"wp:attachment":[{"href":"https:\/\/strippoker.app\/blog\/fr\/wp-json\/wp\/v2\/media?parent=2883"}],"curies":[{"name":"wp","href":"https:\/\/api.w.org\/{rel}","templated":true}]}}